{"id":30533,"date":"2018-06-28T04:24:02","date_gmt":"2018-06-28T07:24:02","guid":{"rendered":"http:\/\/administraindaial.com.br\/home\/?page_id=30533"},"modified":"2018-06-28T04:24:02","modified_gmt":"2018-06-28T07:24:02","slug":"atualizar-cadastro","status":"publish","type":"page","link":"https:\/\/administraindaial.com.br\/home\/atualizar-cadastro\/","title":{"rendered":"Atualizar Cadastro"},"content":{"rendered":"\n<div class=\"wpcf7 no-js\" id=\"wpcf7-f30445-o1\" lang=\"pt-BR\" dir=\"ltr\">\n<div class=\"screen-reader-response\"><p role=\"status\" aria-live=\"polite\" aria-atomic=\"true\"><\/p> <ul><\/ul><\/div>\n<form action=\"\/home\/wp-json\/wp\/v2\/pages\/30533#wpcf7-f30445-o1\" method=\"post\" class=\"wpcf7-form init\" aria-label=\"Formul\u00e1rios de contato\" novalidate=\"novalidate\" data-status=\"init\">\n<div style=\"display: none;\">\n<input type=\"hidden\" name=\"_wpcf7\" value=\"30445\" \/>\n<input type=\"hidden\" name=\"_wpcf7_version\" value=\"5.7.5.1\" \/>\n<input type=\"hidden\" name=\"_wpcf7_locale\" value=\"pt_BR\" \/>\n<input type=\"hidden\" name=\"_wpcf7_unit_tag\" value=\"wpcf7-f30445-o1\" \/>\n<input type=\"hidden\" name=\"_wpcf7_container_post\" value=\"0\" \/>\n<input type=\"hidden\" name=\"_wpcf7_posted_data_hash\" value=\"\" \/>\n<\/div>\n<p><label> Nome do Condom\u00ednio: (obrigat\u00f3rio)<br \/>\n<span class=\"wpcf7-form-control-wrap\" data-name=\"cnome\"><input size=\"40\" class=\"wpcf7-form-control wpcf7-text wpcf7-validates-as-required\" aria-required=\"true\" aria-invalid=\"false\" value=\"\" type=\"text\" name=\"cnome\" \/><\/span> <\/label>\n<\/p>\n<p><label> N\u00famero do Apartamento: (obrigat\u00f3rio)<br \/>\n<span class=\"wpcf7-form-control-wrap\" data-name=\"apt\"><input size=\"40\" class=\"wpcf7-form-control wpcf7-text wpcf7-validates-as-required\" aria-required=\"true\" aria-invalid=\"false\" value=\"\" type=\"text\" name=\"apt\" \/><\/span> <\/label>\n<\/p>\n<p><label> Situa\u00e7\u00e3o: (obrigat\u00f3rio)<br \/>\n<span class=\"wpcf7-form-control-wrap\" data-name=\"situ\"><select class=\"wpcf7-form-control wpcf7-select\" aria-invalid=\"false\" name=\"situ\"><option value=\"Propriet\u00e1rio\">Propriet\u00e1rio<\/option><option value=\"Inquilino\">Inquilino<\/option><\/select><\/span> <\/label>\n<\/p>\n<p><label> Nome: (obrigat\u00f3rio)<br \/>\n<span class=\"wpcf7-form-control-wrap\" data-name=\"your-name\"><input size=\"40\" class=\"wpcf7-form-control wpcf7-text wpcf7-validates-as-required\" aria-required=\"true\" aria-invalid=\"false\" value=\"\" type=\"text\" name=\"your-name\" \/><\/span> <\/label>\n<\/p>\n<p><label> CPF: (obrigat\u00f3rio)<br \/>\n<span class=\"wpcf7-form-control-wrap\" data-name=\"cpf\"><input size=\"40\" class=\"wpcf7-form-control wpcf7-text wpcf7-validates-as-required\" aria-required=\"true\" aria-invalid=\"false\" value=\"\" type=\"text\" name=\"cpf\" \/><\/span> <\/label>\n<\/p>\n<p><label> Data de Nascimento: (obrigat\u00f3rio)<br \/>\n<span class=\"wpcf7-form-control-wrap\" data-name=\"dnasc\"><input size=\"40\" class=\"wpcf7-form-control wpcf7-text wpcf7-validates-as-required\" aria-required=\"true\" aria-invalid=\"false\" value=\"\" type=\"text\" name=\"dnasc\" \/><\/span> <\/label>\n<\/p>\n<p><label> E-mail: (obrigat\u00f3rio)<br \/>\n<span class=\"wpcf7-form-control-wrap\" data-name=\"your-email\"><input size=\"40\" class=\"wpcf7-form-control wpcf7-text wpcf7-email wpcf7-validates-as-required wpcf7-validates-as-email\" aria-required=\"true\" aria-invalid=\"false\" value=\"\" type=\"email\" name=\"your-email\" \/><\/span> <\/label>\n<\/p>\n<p><label> Telefone: (obrigat\u00f3rio)<br \/>\n<span class=\"wpcf7-form-control-wrap\" data-name=\"telefone\"><input size=\"40\" class=\"wpcf7-form-control wpcf7-text wpcf7-validates-as-required\" aria-required=\"true\" aria-invalid=\"false\" value=\"\" type=\"text\" name=\"telefone\" \/><\/span> <\/label>\n<\/p>\n<p><label> Nome do Pai: (obrigat\u00f3rio)<br \/>\n<span class=\"wpcf7-form-control-wrap\" data-name=\"nomepai\"><input size=\"40\" class=\"wpcf7-form-control wpcf7-text wpcf7-validates-as-required\" aria-required=\"true\" aria-invalid=\"false\" value=\"\" type=\"text\" name=\"nomepai\" \/><\/span> <\/label>\n<\/p>\n<p><label> Nome da M\u00e3e: (obrigat\u00f3rio)<br \/>\n<span class=\"wpcf7-form-control-wrap\" data-name=\"nomemae\"><input size=\"40\" class=\"wpcf7-form-control wpcf7-text wpcf7-validates-as-required\" aria-required=\"true\" aria-invalid=\"false\" value=\"\" type=\"text\" name=\"nomemae\" \/><\/span> <\/label>\n<\/p>\n<p><label> Rua: (obrigat\u00f3rio)<br \/>\n<span class=\"wpcf7-form-control-wrap\" data-name=\"rua\"><input size=\"40\" class=\"wpcf7-form-control wpcf7-text wpcf7-validates-as-required\" aria-required=\"true\" aria-invalid=\"false\" value=\"\" type=\"text\" name=\"rua\" \/><\/span> <\/label>\n<\/p>\n<p><label> N\u00famero: (obrigat\u00f3rio)<br \/>\n<span class=\"wpcf7-form-control-wrap\" data-name=\"numero\"><input size=\"40\" class=\"wpcf7-form-control wpcf7-text wpcf7-validates-as-required\" aria-required=\"true\" aria-invalid=\"false\" value=\"\" type=\"text\" name=\"numero\" \/><\/span> <\/label>\n<\/p>\n<p><label> Bairro: (obrigat\u00f3rio)<br \/>\n<span class=\"wpcf7-form-control-wrap\" data-name=\"bairro\"><input size=\"40\" class=\"wpcf7-form-control wpcf7-text wpcf7-validates-as-required\" aria-required=\"true\" aria-invalid=\"false\" value=\"\" type=\"text\" name=\"bairro\" \/><\/span> <\/label>\n<\/p>\n<p><label> CEP: (obrigat\u00f3rio)<br \/>\n<span class=\"wpcf7-form-control-wrap\" data-name=\"cep\"><input size=\"40\" class=\"wpcf7-form-control wpcf7-text wpcf7-validates-as-required\" aria-required=\"true\" aria-invalid=\"false\" value=\"\" type=\"text\" name=\"cep\" \/><\/span> <\/label>\n<\/p>\n<p><label> Observa\u00e7\u00f5es:<br \/>\n<span class=\"wpcf7-form-control-wrap\" data-name=\"your-message\"><textarea cols=\"40\" rows=\"10\" class=\"wpcf7-form-control wpcf7-textarea\" aria-invalid=\"false\" name=\"your-message\"><\/textarea><\/span> <\/label>\n<\/p>\n<p><input class=\"wpcf7-form-control has-spinner wpcf7-submit\" type=\"submit\" value=\"Enviar\" \/>\n<\/p><div class=\"wpcf7-response-output\" aria-hidden=\"true\"><\/div>\n<\/form>\n<\/div>\n\n","protected":false},"excerpt":{"rendered":"Nome do Condom\u00ednio: (obrigat\u00f3rio) N\u00famero do Apartamento: (obrigat\u00f3rio) Situa\u00e7\u00e3o: (obrigat\u00f3rio) Propriet\u00e1rioInquilino Nome: (obrigat\u00f3rio) CPF: (obrigat\u00f3rio) Data de Nascimento: (obrigat\u00f3rio) E-mail: (obrigat\u00f3rio) Telefone: (obrigat\u00f3rio) Nome do Pai: (obrigat\u00f3rio) Nome da M\u00e3e: (obrigat\u00f3rio) Rua: (obrigat\u00f3rio) N\u00famero: (obrigat\u00f3rio) Bairro: (obrigat\u00f3rio) CEP: (obrigat\u00f3rio) Observa\u00e7\u00f5es:","protected":false},"author":1,"featured_media":0,"parent":0,"menu_order":0,"comment_status":"closed","ping_status":"closed","template":"","meta":{"_joinchat":[]},"_links":{"self":[{"href":"https:\/\/administraindaial.com.br\/home\/wp-json\/wp\/v2\/pages\/30533"}],"collection":[{"href":"https:\/\/administraindaial.com.br\/home\/wp-json\/wp\/v2\/pages"}],"about":[{"href":"https:\/\/administraindaial.com.br\/home\/wp-json\/wp\/v2\/types\/page"}],"author":[{"embeddable":true,"href":"https:\/\/administraindaial.com.br\/home\/wp-json\/wp\/v2\/users\/1"}],"replies":[{"embeddable":true,"href":"https:\/\/administraindaial.com.br\/home\/wp-json\/wp\/v2\/comments?post=30533"}],"version-history":[{"count":1,"href":"https:\/\/administraindaial.com.br\/home\/wp-json\/wp\/v2\/pages\/30533\/revisions"}],"predecessor-version":[{"id":30534,"href":"https:\/\/administraindaial.com.br\/home\/wp-json\/wp\/v2\/pages\/30533\/revisions\/30534"}],"wp:attachment":[{"href":"https:\/\/administraindaial.com.br\/home\/wp-json\/wp\/v2\/media?parent=30533"}],"curies":[{"name":"wp","href":"https:\/\/api.w.org\/{rel}","templated":true}]}}