{"id":30524,"date":"2018-06-27T20:40:28","date_gmt":"2018-06-27T23:40:28","guid":{"rendered":"http:\/\/administraindaial.com.br\/home\/?page_id=30524"},"modified":"2018-07-04T17:18:41","modified_gmt":"2018-07-04T20:18:41","slug":"sistema","status":"publish","type":"page","link":"https:\/\/administraindaial.com.br\/home\/sistema\/","title":{"rendered":"Sistema"},"content":{"rendered":"<p>Os moradores podem acompanhar em tempo real atrav\u00e9s do sistema abaixo, todas as rotinas detalhadamente: contas, servi\u00e7os, manuten\u00e7\u00f5es programadas de qualquer computador, celular ou tablet;<\/p>\n<p><iframe loading=\"lazy\" style=\"border: none;\" src=\"https:\/\/app.apcontrole.com.br\/index.php?r=site\/login-moradores\" width=\"100%\" height=\"400\"><\/iframe><\/p>\n","protected":false},"excerpt":{"rendered":"<p>Os moradores podem acompanhar em tempo real atrav\u00e9s do sistema abaixo, todas as rotinas detalhadamente: contas, servi\u00e7os, manuten\u00e7\u00f5es programadas de qualquer computador, celular ou tablet;<\/p>\n","protected":false},"author":1,"featured_media":0,"parent":0,"menu_order":0,"comment_status":"closed","ping_status":"closed","template":"","meta":{"_joinchat":[]},"_links":{"self":[{"href":"https:\/\/administraindaial.com.br\/home\/wp-json\/wp\/v2\/pages\/30524"}],"collection":[{"href":"https:\/\/administraindaial.com.br\/home\/wp-json\/wp\/v2\/pages"}],"about":[{"href":"https:\/\/administraindaial.com.br\/home\/wp-json\/wp\/v2\/types\/page"}],"author":[{"embeddable":true,"href":"https:\/\/administraindaial.com.br\/home\/wp-json\/wp\/v2\/users\/1"}],"replies":[{"embeddable":true,"href":"https:\/\/administraindaial.com.br\/home\/wp-json\/wp\/v2\/comments?post=30524"}],"version-history":[{"count":5,"href":"https:\/\/administraindaial.com.br\/home\/wp-json\/wp\/v2\/pages\/30524\/revisions"}],"predecessor-version":[{"id":30548,"href":"https:\/\/administraindaial.com.br\/home\/wp-json\/wp\/v2\/pages\/30524\/revisions\/30548"}],"wp:attachment":[{"href":"https:\/\/administraindaial.com.br\/home\/wp-json\/wp\/v2\/media?parent=30524"}],"curies":[{"name":"wp","href":"https:\/\/api.w.org\/{rel}","templated":true}]}}