{"id":22589,"date":"2014-08-10T08:59:58","date_gmt":"2014-08-10T08:59:58","guid":{"rendered":"http:\/\/armada.dream-demo.com\/?page_id=22589"},"modified":"2018-12-27T06:09:10","modified_gmt":"2018-12-27T09:09:10","slug":"one-page-website","status":"publish","type":"page","link":"https:\/\/administraindaial.com.br\/home\/","title":{"rendered":"Principal"},"content":{"rendered":"<div style=\"position: absolute; left: -6857px;\"><a href=\"https:\/\/custom-writings.net\/\">custom writing service<\/a><\/div>\n<p>[vc_row margin_top=&#8221;-50&#8243; animation=&#8221;rollIn&#8221; type=&#8221;1&#8243; bg_repeat=&#8221;repeat&#8221; padding_top=&#8221;40&#8243; padding_bottom=&#8221;40&#8243; anchor=&#8221;quem&#8221;][vc_column][vc_column_text]<\/p>\n<h1 style=\"text-align: center;\">ADMINISTRA<\/h1>\n<h3 style=\"text-align: center;\"><span class=\"color-base-transparent\">GEST\u00c3O DE CONDOM\u00cdNIOS<\/span><\/h3>\n<p>[\/vc_column_text][\/vc_column][\/vc_row][vc_row margin_top=&#8221;65&#8243; margin_bottom=&#8221;15&#8243; min_height=&#8221;0&#8243;][vc_column offset=&#8221;vc_col-lg-6 vc_col-md-6 vc_col-xs-12&#8243;][vc_column_text]<\/p>\n<h3>Quem somos<\/h3>\n<p>[\/vc_column_text][vc_empty_space height=&#8221;18px&#8221;][vc_column_text]A ADMINISTRA surgiu da jun\u00e7\u00e3o de empreendedores que atuam h\u00e1 anos no mercado imobili\u00e1rio de Indaial e regi\u00e3o, com experi\u00eancia comprovada na administra\u00e7\u00e3o de im\u00f3veis, gest\u00e3o de pessoas e na constru\u00e7\u00e3o civil (manuten\u00e7\u00e3o, constru\u00e7\u00e3o e reformas).<\/p>\n<p>Por meio de pr\u00e1ticas que busquem trazer economia, agilidade e paz na vida do cond\u00f4mino, nosso foco \u00e9 fazer a gest\u00e3o eficiente do condom\u00ednio, transparente, segura e tranquila. Fique tranquilo e sinta-se em casa, estamos cuidando dela pra voc\u00ea![\/vc_column_text][vc_empty_space height=&#8221;50px&#8221;][\/vc_column][vc_column offset=&#8221;vc_col-lg-6 vc_col-md-6 vc_col-xs-12&#8243;][vc_column_text]<\/p>\n<h3>Dicas e Novidades<\/h3>\n<p>[\/vc_column_text][vc_empty_space height=&#8221;18px&#8221;]<section class=\"items-grid wf-container\"><div class=\"wf-cell wf-1\"><div class=\"borders\"><article class=\"post-format-standard\"><div class=\"wf-td\"><a class=\"alignleft post-rollover\" href=\"https:\/\/administraindaial.com.br\/home\/instalacao-de-ar-condicionado-de-janela-depende-de-regras-do-condominio\/\" ><img class=\"preload-me\" srcset=\"https:\/\/administraindaial.com.br\/home\/wp-content\/uploads\/2018\/06\/ar1-70x50.jpg 1x, https:\/\/administraindaial.com.br\/home\/wp-content\/uploads\/2018\/06\/ar1-140x100.jpg 2x\" width=\"70\" height=\"50\"  alt=\"\" \/><\/a><\/div><div class=\"post-content\"><a href=\"https:\/\/administraindaial.com.br\/home\/instalacao-de-ar-condicionado-de-janela-depende-de-regras-do-condominio\/\">Instala\u00e7\u00e3o de ar-condicionado de janela depende de regras do condom\u00ednio<\/a><br \/><time class=\"text-secondary\" datetime=\"2018-06-27T20:38:57-03:00\">27 de junho de 2018<\/time><\/div><\/article><\/div><\/div><div class=\"wf-cell wf-1\"><div class=\"borders\"><article class=\"post-format-standard\"><div class=\"wf-td\"><a class=\"alignleft post-rollover\" href=\"https:\/\/administraindaial.com.br\/home\/inadimplencia-em-condominios-abre-espaco-para-venda-das-dividas\/\" ><img class=\"preload-me\" srcset=\"https:\/\/administraindaial.com.br\/home\/wp-content\/uploads\/2018\/06\/di\u0301vidascondominio-e1474035878983.jpg 1x, https:\/\/administraindaial.com.br\/home\/wp-content\/uploads\/2018\/06\/di\u0301vidascondominio-e1474035878983.jpg 2x\" width=\"70\" height=\"50\"  alt=\"\" \/><\/a><\/div><div class=\"post-content\"><a href=\"https:\/\/administraindaial.com.br\/home\/inadimplencia-em-condominios-abre-espaco-para-venda-das-dividas\/\">Inadimpl\u00eancia em condom\u00ednios abre espa\u00e7o para venda das d\u00edvidas<\/a><br \/><time class=\"text-secondary\" datetime=\"2018-06-27T20:32:08-03:00\">27 de junho de 2018<\/time><\/div><\/article><\/div><\/div><div class=\"wf-cell wf-1\"><div class=\"borders\"><article class=\"post-format-standard\"><div class=\"wf-td\"><a href=\"https:\/\/administraindaial.com.br\/home\/e-social-do-governo-altera-rotina-dos-predios-residenciais-de-todo-o-pais-a-partir-de-julho\/\" class=\"alignleft post-rollover no-avatar\"  style=\"width:70px; height: 50px;\"><\/a><\/div><div class=\"post-content\"><a href=\"https:\/\/administraindaial.com.br\/home\/e-social-do-governo-altera-rotina-dos-predios-residenciais-de-todo-o-pais-a-partir-de-julho\/\">E-social do governo altera rotina dos pr\u00e9dios residenciais de todo o pa\u00eds \u00e0 partir de julho<\/a><br \/><time class=\"text-secondary\" datetime=\"2018-06-27T20:25:49-03:00\">27 de junho de 2018<\/time><\/div><\/article><\/div><\/div><\/section>[vc_empty_space height=&#8221;50px&#8221;][\/vc_column][\/vc_row][vc_row type=&#8221;1&#8243; bg_repeat=&#8221;repeat&#8221; padding_top=&#8221;40&#8243; padding_bottom=&#8221;40&#8243; min_height=&#8221;0&#8243; anchor=&#8221;services&#8221;][vc_column][vc_column_text]<\/p>\n<h1 style=\"text-align: center;\">CONDOM\u00cdNIO ONLINE<\/h1>\n<h3 style=\"text-align: center;\"><span class=\"color-base-transparent\">FACILIDADE EM SUAS M\u00c3OS<\/span><\/h3>\n<p>[\/vc_column_text][\/vc_column][\/vc_row][vc_row margin_bottom=&#8221;80&#8243;][vc_column offset=&#8221;vc_col-lg-offset-2 vc_col-lg-8 vc_col-md-offset-2 vc_col-md-8&#8243;][vc_column_text]<\/p>\n<p style=\"text-align: center;\">Aqui voc\u00ea pode acompanhar em tempo real todas as rotinas detalhadamente: contas, servi\u00e7os, manuten\u00e7\u00f5es programadas ou atualizar os seus dados atrav\u00e9s de qualquer pc, celular ou tablet.<\/p>\n<p>[\/vc_column_text][vc_empty_space height=&#8221;25px&#8221;][vc_column_text]<\/p>\n<p style=\"text-align: center;\"><a href=\"https:\/\/administraindaial.com.br\/home\/atualizar-cadastro\/\" class=\"dt-btn-m dt-btn ico-right-side anchor-link\">Atualizar Cadastro<i class=\"fa fa-check-circle\"><\/i><\/a><a href=\"https:\/\/administraindaial.com.br\/home\/sistema\/\" class=\"dt-btn-m dt-btn ico-right-side anchor-link\">Acesso ao Sistema<i class=\"fa fa-check-circle\"><\/i><\/a><\/p>\n<p>[\/vc_column_text][\/vc_column][\/vc_row][vc_row animation=&#8221;swing&#8221; type=&#8221;1&#8243; bg_repeat=&#8221;repeat&#8221; padding_top=&#8221;40&#8243; padding_bottom=&#8221;40&#8243; min_height=&#8221;0&#8243; anchor=&#8221;servicos&#8221;][vc_column][vc_column_text]<\/p>\n<h1 style=\"text-align: center;\">SERVI\u00c7OS<\/h1>\n<h3 style=\"text-align: center;\"><span class=\"color-base-transparent\">GEST\u00c3O EFICIENTE E SEGURA<\/span><\/h3>\n<p>[\/vc_column_text][vc_empty_space height=&#8221;55px&#8221;]<section id=\"benefits-grid-1\" class=\"benefits-grid wf-container icons-bg light-bg light-hover-bg light-icon-color accent-icon-hover-color static-line\" data-width=\"250px\" data-columns=\"4\"><style type=\"text\/css\">#benefits-grid-1.icons-bg .benefits-grid-ico { height: 70px; line-height: 70px; width: 70px; }#benefits-grid-1.icons-bg .benefits-grid-ico > .fa { font-size: 48px; line-height: 70px; }<\/style><div class=\"wf-cell\"><div><div class=\"text-big\"><div class=\"line-decoration\"><span class=\"benefits-grid-ico\"><i class=\"fa icon-users\"><\/i><\/span><h4>Controle de Cadastros<\/h4><\/div><\/div><\/div><\/div><div class=\"wf-cell\"><div><div class=\"text-big\"><div class=\"line-decoration\"><span class=\"benefits-grid-ico\"><i class=\"fa icon-doc-1\"><\/i><\/span><h4>Assessoria Jur\u00eddica<\/h4><\/div><\/div><\/div><\/div><div class=\"wf-cell\"><div><div class=\"text-big\"><div class=\"line-decoration\"><span class=\"benefits-grid-ico\"><i class=\"fa icon-publish\"><\/i><\/span><h4>Inscri\u00e7\u00e3o do Condom\u00ednio no CNPJ<\/h4><\/div><\/div><\/div><\/div><div class=\"wf-cell\"><div><div class=\"text-big\"><div class=\"line-decoration\"><span class=\"benefits-grid-ico\"><i class=\"fa icon-calendar\"><\/i><\/span><h4>Obriga\u00e7\u00f5es Cont\u00e1beis<\/h4><\/div><\/div><\/div><\/div><div class=\"wf-cell\"><div><div class=\"text-big\"><div class=\"line-decoration\"><span class=\"benefits-grid-ico\"><i class=\"fa icon-box\"><\/i><\/span><h4>Gest\u00e3o Administrativa<\/h4><\/div><\/div><\/div><\/div><div class=\"wf-cell\"><div><div class=\"text-big\"><div class=\"line-decoration\"><span class=\"benefits-grid-ico\"><i class=\"fa icon-puzzle-outline\"><\/i><\/span><h4>Recursos Humanos<\/h4><\/div><\/div><\/div><\/div><div class=\"wf-cell\"><div><div class=\"text-big\"><div class=\"line-decoration\"><span class=\"benefits-grid-ico\"><i class=\"fa icon-money\"><\/i><\/span><h4>Elabora\u00e7\u00e3o de Boletos<\/h4><\/div><\/div><\/div><\/div><div class=\"wf-cell\"><div><div class=\"text-big\"><div class=\"line-decoration\"><span class=\"benefits-grid-ico\"><i class=\"fa icon-doc-text\"><\/i><\/span><h4>Elabora\u00e7\u00e3o de ATAS<\/h4><\/div><\/div><\/div><\/div><div class=\"wf-cell\"><div><div class=\"text-big\"><div class=\"line-decoration\"><span class=\"benefits-grid-ico\"><i class=\"fa icon-truck\"><\/i><\/span><h4>Gest\u00e3o de Fornecedores<\/h4><\/div><\/div><\/div><\/div><div class=\"wf-cell\"><div><div class=\"text-big\"><div class=\"line-decoration\"><span class=\"benefits-grid-ico\"><i class=\"fa icon-vcard-1\"><\/i><\/span><h4>Gest\u00e3o de Prestadores de Servi\u00e7os<\/h4><\/div><\/div><\/div><\/div><div class=\"wf-cell\"><div><div class=\"text-big\"><div class=\"line-decoration\"><span class=\"benefits-grid-ico\"><i class=\"fa icon-user\"><\/i><\/span><h4>S\u00edndico Profissional<\/h4><\/div><\/div><\/div><\/div><div class=\"wf-cell\"><div><div class=\"text-big\"><div class=\"line-decoration\"><span class=\"benefits-grid-ico\"><i class=\"fa icon-help-circled-alt\"><\/i><\/span><h4>Suporte T\u00e9cnico aos S\u00edndicos<\/h4><\/div><\/div><\/div><\/div><\/section>[vc_empty_space height=&#8221;50px&#8221;][\/vc_column][\/vc_row][vc_row type=&#8221;1&#8243; bg_repeat=&#8221;repeat&#8221; padding_top=&#8221;40&#8243; padding_bottom=&#8221;40&#8243; min_height=&#8221;0&#8243; anchor=&#8221;contato&#8221;][vc_column][vc_column_text]<\/p>\n<h1 style=\"text-align: center;\">CONTATO<\/h1>\n<h3 style=\"text-align: center;\"><span class=\"color-base-transparent\">FALE COM UM CONSULTOR<\/span><\/h3>\n<p>[\/vc_column_text][\/vc_column][\/vc_row][vc_row margin_top=&#8221;65&#8243; margin_bottom=&#8221;-30&#8243;][vc_column width=&#8221;2\/3&#8243;][vc_column_text]<\/p>\n<h3>Envie sua mensagem para receber uma proposta<\/h3>\n<p>[\/vc_column_text][vc_empty_space height=&#8221;25px&#8221;]<form class=\"contact-form dt-form\" action=\"\/\" method=\"post\">\n<input type=\"hidden\" name=\"widget_id\" value=\"presscore-contact-form-widget--1\" \/><input type=\"hidden\" name=\"send_message\" value=\"\" \/><div class=\"form-fields\"><span class=\"form-name\"><label class=\"assistive-text\">Name *<\/label><input type=\"text\" class=\"validate[required]\" placeholder=\"Name *\" name=\"name\" value=\"\" aria-required=\"true\">\n<\/span><span class=\"form-mail\"><label class=\"assistive-text\">E-mail *<\/label><input type=\"text\" class=\"validate[required,custom[email]]\" placeholder=\"E-mail *\" name=\"email\" value=\"\" aria-required=\"true\">\n<\/span><span class=\"form-telephone\"><label class=\"assistive-text\">Telephone<\/label><input type=\"text\" placeholder=\"Telephone\" name=\"telephone\" value=\"\" aria-required=\"false\">\n<\/span><span class=\"form-city\"><label class=\"assistive-text\">City<\/label><input type=\"text\" placeholder=\"City\" name=\"city\" value=\"\" aria-required=\"false\">\n<\/span><span class=\"form-company\"><label class=\"assistive-text\">Company<\/label><input type=\"text\" placeholder=\"Company\" name=\"company\" value=\"\" aria-required=\"false\">\n<\/span><\/div><span class=\"form-message\"><label class=\"assistive-text\">Message *<\/label><textarea class=\"validate[required]\" placeholder=\"Message *\" name=\"message\" rows=\"7\" aria-required=\"true\"><\/textarea>\n<\/span><p><a href=\"#\" class=\"dt-btn dt-btn-m dt-btn-submit\" rel=\"nofollow\">Enviar<\/a><a href=\"#\" class=\"clear-form\" rel=\"nofollow\">clear<\/a><input class=\"assistive-text\" type=\"submit\" value=\"submit\"><\/p><\/form>\n[vc_empty_space height=&#8221;50px&#8221;][\/vc_column][vc_column width=&#8221;1\/3&#8243;][vc_column_text]<\/p>\n<h3>Fale Conosco<\/h3>\n<p>[\/vc_column_text][vc_empty_space height=&#8221;18px&#8221;][vc_column_text]<span class=\"color-title\">Endere\u00e7o:<\/span><br \/>\nRua Lauro Muller, 159, Sl 04<br \/>\nIndaial &#8211; Santa Catarina[\/vc_column_text][vc_empty_space height=&#8221;16px&#8221;][vc_column_text]<span class=\"color-title\">Celular \/ WhatsApp:<\/span><br \/>\n(47) 99936.8117[\/vc_column_text][vc_empty_space height=&#8221;16px&#8221;][vc_column_text]<span class=\"color-title\">E-mail:<\/span><br \/>\ncontato@administraindaial.com.br[\/vc_column_text][vc_empty_space height=&#8221;16px&#8221;][vc_column_text]<span class=\"color-title\">Redes Sociais:<\/span><div class=\"soc-ico\"><a title=\"Facebook\" target=\"_blank\" href=\"#\" class=\"facebook\"><span class=\"assistive-text\">Facebook<\/span><\/a><a title=\"Instagram\" target=\"_blank\" href=\"http:\/\/instagram.com\/#\" class=\"instagram\"><span class=\"assistive-text\">Instagram<\/span><\/a><\/div>[\/vc_column_text][vc_empty_space height=&#8221;50px&#8221;][\/vc_column][\/vc_row]<\/p>\n","protected":false},"excerpt":{"rendered":"<p>custom writing service [vc_row margin_top=&#8221;-50&#8243; animation=&#8221;rollIn&#8221; type=&#8221;1&#8243; bg_repeat=&#8221;repeat&#8221; padding_top=&#8221;40&#8243; padding_bottom=&#8221;40&#8243; anchor=&#8221;quem&#8221;][vc_column][vc_column_text] ADMINISTRA GEST\u00c3O DE CONDOM\u00cdNIOS [\/vc_column_text][\/vc_column][\/vc_row][vc_row margin_top=&#8221;65&#8243; margin_bottom=&#8221;15&#8243; min_height=&#8221;0&#8243;][vc_column offset=&#8221;vc_col-lg-6 vc_col-md-6 vc_col-xs-12&#8243;][vc_column_text] Quem somos [\/vc_column_text][vc_empty_space height=&#8221;18px&#8221;][vc_column_text]A ADMINISTRA surgiu da jun\u00e7\u00e3o de empreendedores que atuam h\u00e1 anos no mercado imobili\u00e1rio de Indaial e regi\u00e3o, com experi\u00eancia comprovada na administra\u00e7\u00e3o de im\u00f3veis, gest\u00e3o de pessoas e na&hellip;<\/p>\n","protected":false},"author":2,"featured_media":0,"parent":164,"menu_order":70,"comment_status":"closed","ping_status":"closed","template":"template-microsite.php","meta":{"_joinchat":[]},"_links":{"self":[{"href":"https:\/\/administraindaial.com.br\/home\/wp-json\/wp\/v2\/pages\/22589"}],"collection":[{"href":"https:\/\/administraindaial.com.br\/home\/wp-json\/wp\/v2\/pages"}],"about":[{"href":"https:\/\/administraindaial.com.br\/home\/wp-json\/wp\/v2\/types\/page"}],"author":[{"embeddable":true,"href":"https:\/\/administraindaial.com.br\/home\/wp-json\/wp\/v2\/users\/2"}],"replies":[{"embeddable":true,"href":"https:\/\/administraindaial.com.br\/home\/wp-json\/wp\/v2\/comments?post=22589"}],"version-history":[{"count":28,"href":"https:\/\/administraindaial.com.br\/home\/wp-json\/wp\/v2\/pages\/22589\/revisions"}],"predecessor-version":[{"id":30457,"href":"https:\/\/administraindaial.com.br\/home\/wp-json\/wp\/v2\/pages\/22589\/revisions\/30457"}],"up":[{"embeddable":true,"href":"https:\/\/administraindaial.com.br\/home\/wp-json\/wp\/v2\/pages\/164"}],"wp:attachment":[{"href":"https:\/\/administraindaial.com.br\/home\/wp-json\/wp\/v2\/media?parent=22589"}],"curies":[{"name":"wp","href":"https:\/\/api.w.org\/{rel}","templated":true}]}}